{"id":3884,"date":"2017-09-25T12:37:44","date_gmt":"2017-09-25T12:37:44","guid":{"rendered":"https:\/\/www.eclips.aero\/?page_id=3884\/"},"modified":"2024-11-13T10:21:09","modified_gmt":"2024-11-13T10:21:09","slug":"social","status":"publish","type":"page","link":"https:\/\/www.eclips.aero\/fr\/outils\/social\/","title":{"rendered":"Actualit\u00e9s du transport fun\u00e9raire"},"content":{"rendered":"<div class=\"wpb-content-wrapper\"><p>[vc_row][vc_column][vc_column_text css=\u00a0\u00bb\u00a0\u00bb]<\/p>\n<h5>Connectez-vous sur nos comptes facebook <span style=\"color: #dd4849;\">@eclipsfuneraire<\/span> et @mathezfreight pour rester au fait des actualit\u00e9s du transport fun\u00e9raire a\u00e9rien \u00e0 l&rsquo;international.<\/h5>\n<p>[\/vc_column_text][\/vc_column][\/vc_row][vc_row][vc_column width=\u00a0\u00bb1\/2&Prime;][vc_raw_html]JTNDZGl2JTIwaWQlM0QlMjJmYi1yb290JTIyJTNFJTNDJTJGZGl2JTNFJTBBJTNDc2NyaXB0JTNFJTI4ZnVuY3Rpb24lMjhkJTJDJTIwcyUyQyUyMGlkJTI5JTIwJTdCJTBBJTIwJTIwdmFyJTIwanMlMkMlMjBmanMlMjAlM0QlMjBkLmdldEVsZW1lbnRzQnlUYWdOYW1lJTI4cyUyOSU1QjAlNUQlM0IlMEElMjAlMjBpZiUyMCUyOGQuZ2V0RWxlbWVudEJ5SWQlMjhpZCUyOSUyOSUyMHJldHVybiUzQiUwQSUyMCUyMGpzJTIwJTNEJTIwZC5jcmVhdGVFbGVtZW50JTI4cyUyOSUzQiUyMGpzLmlkJTIwJTNEJTIwaWQlM0IlMEElMjAlMjBqcy5zcmMlMjAlM0QlMjAlMjIlMkYlMkZjb25uZWN0LmZhY2Vib29rLm5ldCUyRmZyX0ZSJTJGc2RrLmpzJTIzeGZibWwlM0QxJTI2dmVyc2lvbiUzRHYyLjEwJTIyJTNCJTBBJTIwJTIwZmpzLnBhcmVudE5vZGUuaW5zZXJ0QmVmb3JlJTI4anMlMkMlMjBmanMlMjklM0IlMEElN0QlMjhkb2N1bWVudCUyQyUyMCUyN3NjcmlwdCUyNyUyQyUyMCUyN2ZhY2Vib29rLWpzc2RrJTI3JTI5JTI5JTNCJTNDJTJGc2NyaXB0JTNFJTBBJTBBJTNDZGl2JTIwY2xhc3MlM0QlMjJmYi1wYWdlJTIyJTIwZGF0YS1ocmVmJTNEJTIyaHR0cHMlM0ElMkYlMkZ3d3cuZmFjZWJvb2suY29tJTJGRWNsaXBzLTEwNzA4NTU4MTYzMzI4ODklMkYlMjIlMjBkYXRhLXRhYnMlM0QlMjJ0aW1lbGluZSUyMiUyMGRhdGEtd2lkdGglM0QlMjIxMjAwJTIyJTIwZGF0YS1oZWlnaHQlM0QlMjIzMDAwJTIyJTIwZGF0YS1zbWFsbC1oZWFkZXIlM0QlMjJmYWxzZSUyMiUyMGRhdGEtYWRhcHQtY29udGFpbmVyLXdpZHRoJTNEJTIydHJ1ZSUyMiUyMGRhdGEtaGlkZS1jb3ZlciUzRCUyMnRydWUlMjIlMjBkYXRhLXNob3ctZmFjZXBpbGUlM0QlMjJ0cnVlJTIyJTNFJTNDYmxvY2txdW90ZSUyMGNpdGUlM0QlMjJodHRwcyUzQSUyRiUyRnd3dy5mYWNlYm9vay5jb20lMkZFY2xpcHMtMTA3MDg1NTgxNjMzMjg4OSUyRiUyMiUyMGNsYXNzJTNEJTIyZmIteGZibWwtcGFyc2UtaWdub3JlJTIyJTNFJTNDYSUyMGhyZWYlM0QlMjJodHRwcyUzQSUyRiUyRnd3dy5mYWNlYm9vay5jb20lMkZFY2xpcHMtMTA3MDg1NTgxNjMzMjg4OSUyRiUyMiUzRUVjbGlwJTI2JTIzMDM5JTNCcyUzQyUyRmElM0UlM0MlMkZibG9ja3F1b3RlJTNFJTNDJTJGZGl2JTNF[\/vc_raw_html][\/vc_column][vc_column width=\u00a0\u00bb1\/2&Prime;][vc_raw_html css=\u00a0\u00bb\u00a0\u00bb]JTNDZGl2JTIwaWQlM0QlMjJmYi1yb290JTIyJTNFJTNDJTJGZGl2JTNFJTBBJTNDc2NyaXB0JTNFJTI4ZnVuY3Rpb24lMjhkJTJDJTIwcyUyQyUyMGlkJTI5JTIwJTdCJTBBJTIwJTIwdmFyJTIwanMlMkMlMjBmanMlMjAlM0QlMjBkLmdldEVsZW1lbnRzQnlUYWdOYW1lJTI4cyUyOSU1QjAlNUQlM0IlMEElMjAlMjBpZiUyMCUyOGQuZ2V0RWxlbWVudEJ5SWQlMjhpZCUyOSUyOSUyMHJldHVybiUzQiUwQSUyMCUyMGpzJTIwJTNEJTIwZC5jcmVhdGVFbGVtZW50JTI4cyUyOSUzQiUyMGpzLmlkJTIwJTNEJTIwaWQlM0IlMEElMjAlMjBqcy5zcmMlMjAlM0QlMjAlMjIlMkYlMkZjb25uZWN0LmZhY2Vib29rLm5ldCUyRmZyX0ZSJTJGc2RrLmpzJTIzeGZibWwlM0QxJTI2dmVyc2lvbiUzRHYyLjEwJTIyJTNCJTBBJTIwJTIwZmpzLnBhcmVudE5vZGUuaW5zZXJ0QmVmb3JlJTI4anMlMkMlMjBmanMlMjklM0IlMEElN0QlMjhkb2N1bWVudCUyQyUyMCUyN3NjcmlwdCUyNyUyQyUyMCUyN2ZhY2Vib29rLWpzc2RrJTI3JTI5JTI5JTNCJTNDJTJGc2NyaXB0JTNFJTBBJTBBJTNDZGl2JTIwY2xhc3MlM0QlMjJmYi1wYWdlJTIyJTIwZGF0YS1ocmVmJTNEJTIyaHR0cHMlM0ElMkYlMkZ3d3cuZmFjZWJvb2suY29tJTJGTWF0aGV6RnJlaWdodCUyRiUyMiUyMGRhdGEtdGFicyUzRCUyMnRpbWVsaW5lJTIyJTIwZGF0YS13aWR0aCUzRCUyMjEyMDAlMjIlMjBkYXRhLWhlaWdodCUzRCUyMjMwMDAlMjIlMjBkYXRhLXNtYWxsLWhlYWRlciUzRCUyMmZhbHNlJTIyJTIwZGF0YS1hZGFwdC1jb250YWluZXItd2lkdGglM0QlMjJ0cnVlJTIyJTIwZGF0YS1oaWRlLWNvdmVyJTNEJTIydHJ1ZSUyMiUyMGRhdGEtc2hvdy1mYWNlcGlsZSUzRCUyMnRydWUlMjIlM0UlM0NibG9ja3F1b3RlJTIwY2l0ZSUzRCUyMmh0dHBzJTNBJTJGJTJGd3d3LmZhY2Vib29rLmNvbSUyRk1hdGhlekZyZWlnaHQlMkYlMjIlMjBjbGFzcyUzRCUyMmZiLXhmYm1sLXBhcnNlLWlnbm9yZSUyMiUzRSUzQ2ElMjBocmVmJTNEJTIyaHR0cHMlM0ElMkYlMkZ3d3cuZmFjZWJvb2suY29tJTJGTWF0aGV6RnJlaWdodCUyRiUyMiUzRU1hdGhleiUyMEZyZWlnaHQlM0MlMkZhJTNFJTNDJTJGYmxvY2txdW90ZSUzRSUzQyUyRmRpdiUzRQ==[\/vc_raw_html][\/vc_column][\/vc_row]<\/p>\n<\/div>","protected":false},"excerpt":{"rendered":"<p>Transport a\u00e9rien, rapatriement de corps, service fun\u00e9raire international: toutes les actualit\u00e9s avec Eclip&rsquo;s<\/p>\n","protected":false},"author":1,"featured_media":0,"parent":4171,"menu_order":3,"comment_status":"closed","ping_status":"closed","template":"page-eclips.php","meta":{"iawp_total_views":36,"footnotes":""},"class_list":["post-3884","page","type-page","status-publish","hentry"],"yoast_head":"<!-- This site is optimized with the Yoast SEO plugin v26.1 - https:\/\/yoast.com\/wordpress\/plugins\/seo\/ -->\n<title>Actualit\u00e9s du transport fun\u00e9raire international &#8226; Eclip&#039;s<\/title>\n<meta name=\"description\" content=\"Transport a\u00e9rien, rapatriement de corps, service fun\u00e9raire international: toutes les actualit\u00e9s avec Eclip&#039;s\" \/>\n<meta name=\"robots\" content=\"index, follow, max-snippet:-1, max-image-preview:large, max-video-preview:-1\" \/>\n<link rel=\"canonical\" href=\"https:\/\/www.eclips.aero\/fr\/outils\/social\/\" \/>\n<meta property=\"og:locale\" content=\"fr_FR\" \/>\n<meta property=\"og:type\" content=\"article\" \/>\n<meta property=\"og:title\" content=\"Actualit\u00e9s du transport fun\u00e9raire international &#8226; Eclip&#039;s\" \/>\n<meta property=\"og:description\" content=\"Transport a\u00e9rien, rapatriement de corps, service fun\u00e9raire international: toutes les actualit\u00e9s avec Eclip&#039;s\" \/>\n<meta property=\"og:url\" content=\"https:\/\/www.eclips.aero\/fr\/outils\/social\/\" \/>\n<meta property=\"og:site_name\" content=\"Eclip\u2019s\" \/>\n<meta property=\"article:publisher\" content=\"https:\/\/www.facebook.com\/Mathez-Freight-278819705819525\/\" \/>\n<meta property=\"article:modified_time\" content=\"2024-11-13T10:21:09+00:00\" \/>\n<meta property=\"og:image\" content=\"https:\/\/www.eclips.aero\/wp-content\/uploads\/logo-eclips-en.gif\" \/>\n\t<meta property=\"og:image:width\" content=\"236\" \/>\n\t<meta property=\"og:image:height\" content=\"71\" \/>\n\t<meta property=\"og:image:type\" content=\"image\/gif\" \/>\n<meta name=\"twitter:card\" content=\"summary_large_image\" \/>\n<meta name=\"twitter:site\" content=\"@MathezFreight\" \/>\n<meta name=\"twitter:label1\" content=\"Dur\u00e9e de lecture estim\u00e9e\" \/>\n\t<meta name=\"twitter:data1\" content=\"1 minute\" \/>\n<script type=\"application\/ld+json\" class=\"yoast-schema-graph\">{\"@context\":\"https:\/\/schema.org\",\"@graph\":[{\"@type\":\"WebPage\",\"@id\":\"https:\/\/www.eclips.aero\/fr\/outils\/social\/\",\"url\":\"https:\/\/www.eclips.aero\/fr\/outils\/social\/\",\"name\":\"Actualit\u00e9s du transport fun\u00e9raire international &#8226; Eclip's\",\"isPartOf\":{\"@id\":\"https:\/\/www.eclips.aero\/fr\/#website\"},\"datePublished\":\"2017-09-25T12:37:44+00:00\",\"dateModified\":\"2024-11-13T10:21:09+00:00\",\"description\":\"Transport a\u00e9rien, rapatriement de corps, service fun\u00e9raire international: toutes les actualit\u00e9s avec Eclip's\",\"breadcrumb\":{\"@id\":\"https:\/\/www.eclips.aero\/fr\/outils\/social\/#breadcrumb\"},\"inLanguage\":\"fr-FR\",\"potentialAction\":[{\"@type\":\"ReadAction\",\"target\":[\"https:\/\/www.eclips.aero\/fr\/outils\/social\/\"]}]},{\"@type\":\"BreadcrumbList\",\"@id\":\"https:\/\/www.eclips.aero\/fr\/outils\/social\/#breadcrumb\",\"itemListElement\":[{\"@type\":\"ListItem\",\"position\":1,\"name\":\"Accueil\",\"item\":\"https:\/\/www.eclips.aero\/fr\/\"},{\"@type\":\"ListItem\",\"position\":2,\"name\":\"Outils\",\"item\":\"https:\/\/www.eclips.aero\/fr\/outils\/\"},{\"@type\":\"ListItem\",\"position\":3,\"name\":\"Actualit\u00e9s du transport fun\u00e9raire\"}]},{\"@type\":\"WebSite\",\"@id\":\"https:\/\/www.eclips.aero\/fr\/#website\",\"url\":\"https:\/\/www.eclips.aero\/fr\/\",\"name\":\"Eclip\u2019s\",\"description\":\"Transport fun\u00e9raire, rapatriement de corps\",\"publisher\":{\"@id\":\"https:\/\/www.eclips.aero\/fr\/#organization\"},\"potentialAction\":[{\"@type\":\"SearchAction\",\"target\":{\"@type\":\"EntryPoint\",\"urlTemplate\":\"https:\/\/www.eclips.aero\/fr\/?s={search_term_string}\"},\"query-input\":{\"@type\":\"PropertyValueSpecification\",\"valueRequired\":true,\"valueName\":\"search_term_string\"}}],\"inLanguage\":\"fr-FR\"},{\"@type\":\"Organization\",\"@id\":\"https:\/\/www.eclips.aero\/fr\/#organization\",\"name\":\"Eclip's\",\"url\":\"https:\/\/www.eclips.aero\/fr\/\",\"logo\":{\"@type\":\"ImageObject\",\"inLanguage\":\"fr-FR\",\"@id\":\"https:\/\/www.eclips.aero\/fr\/#\/schema\/logo\/image\/\",\"url\":\"https:\/\/www.eclips.aero\/wp-content\/uploads\/logo-eclips-grey-fr.gif\",\"contentUrl\":\"https:\/\/www.eclips.aero\/wp-content\/uploads\/logo-eclips-grey-fr.gif\",\"width\":236,\"height\":71,\"caption\":\"Eclip's\"},\"image\":{\"@id\":\"https:\/\/www.eclips.aero\/fr\/#\/schema\/logo\/image\/\"},\"sameAs\":[\"https:\/\/www.facebook.com\/Mathez-Freight-278819705819525\/\",\"https:\/\/x.com\/MathezFreight\",\"https:\/\/www.linkedin.com\/company\/mathez-freight-forwarding\",\"https:\/\/www.youtube.com\/channel\/UCn27me75AYWVse3M2um9xJg\"]}]}<\/script>\n<!-- \/ Yoast SEO plugin. -->","yoast_head_json":{"title":"Actualit\u00e9s du transport fun\u00e9raire international &#8226; Eclip's","description":"Transport a\u00e9rien, rapatriement de corps, service fun\u00e9raire international: toutes les actualit\u00e9s avec Eclip's","robots":{"index":"index","follow":"follow","max-snippet":"max-snippet:-1","max-image-preview":"max-image-preview:large","max-video-preview":"max-video-preview:-1"},"canonical":"https:\/\/www.eclips.aero\/fr\/outils\/social\/","og_locale":"fr_FR","og_type":"article","og_title":"Actualit\u00e9s du transport fun\u00e9raire international &#8226; Eclip's","og_description":"Transport a\u00e9rien, rapatriement de corps, service fun\u00e9raire international: toutes les actualit\u00e9s avec Eclip's","og_url":"https:\/\/www.eclips.aero\/fr\/outils\/social\/","og_site_name":"Eclip\u2019s","article_publisher":"https:\/\/www.facebook.com\/Mathez-Freight-278819705819525\/","article_modified_time":"2024-11-13T10:21:09+00:00","og_image":[{"width":236,"height":71,"url":"https:\/\/www.eclips.aero\/wp-content\/uploads\/logo-eclips-en.gif","type":"image\/gif"}],"twitter_card":"summary_large_image","twitter_site":"@MathezFreight","twitter_misc":{"Dur\u00e9e de lecture estim\u00e9e":"1 minute"},"schema":{"@context":"https:\/\/schema.org","@graph":[{"@type":"WebPage","@id":"https:\/\/www.eclips.aero\/fr\/outils\/social\/","url":"https:\/\/www.eclips.aero\/fr\/outils\/social\/","name":"Actualit\u00e9s du transport fun\u00e9raire international &#8226; Eclip's","isPartOf":{"@id":"https:\/\/www.eclips.aero\/fr\/#website"},"datePublished":"2017-09-25T12:37:44+00:00","dateModified":"2024-11-13T10:21:09+00:00","description":"Transport a\u00e9rien, rapatriement de corps, service fun\u00e9raire international: toutes les actualit\u00e9s avec Eclip's","breadcrumb":{"@id":"https:\/\/www.eclips.aero\/fr\/outils\/social\/#breadcrumb"},"inLanguage":"fr-FR","potentialAction":[{"@type":"ReadAction","target":["https:\/\/www.eclips.aero\/fr\/outils\/social\/"]}]},{"@type":"BreadcrumbList","@id":"https:\/\/www.eclips.aero\/fr\/outils\/social\/#breadcrumb","itemListElement":[{"@type":"ListItem","position":1,"name":"Accueil","item":"https:\/\/www.eclips.aero\/fr\/"},{"@type":"ListItem","position":2,"name":"Outils","item":"https:\/\/www.eclips.aero\/fr\/outils\/"},{"@type":"ListItem","position":3,"name":"Actualit\u00e9s du transport fun\u00e9raire"}]},{"@type":"WebSite","@id":"https:\/\/www.eclips.aero\/fr\/#website","url":"https:\/\/www.eclips.aero\/fr\/","name":"Eclip\u2019s","description":"Transport fun\u00e9raire, rapatriement de corps","publisher":{"@id":"https:\/\/www.eclips.aero\/fr\/#organization"},"potentialAction":[{"@type":"SearchAction","target":{"@type":"EntryPoint","urlTemplate":"https:\/\/www.eclips.aero\/fr\/?s={search_term_string}"},"query-input":{"@type":"PropertyValueSpecification","valueRequired":true,"valueName":"search_term_string"}}],"inLanguage":"fr-FR"},{"@type":"Organization","@id":"https:\/\/www.eclips.aero\/fr\/#organization","name":"Eclip's","url":"https:\/\/www.eclips.aero\/fr\/","logo":{"@type":"ImageObject","inLanguage":"fr-FR","@id":"https:\/\/www.eclips.aero\/fr\/#\/schema\/logo\/image\/","url":"https:\/\/www.eclips.aero\/wp-content\/uploads\/logo-eclips-grey-fr.gif","contentUrl":"https:\/\/www.eclips.aero\/wp-content\/uploads\/logo-eclips-grey-fr.gif","width":236,"height":71,"caption":"Eclip's"},"image":{"@id":"https:\/\/www.eclips.aero\/fr\/#\/schema\/logo\/image\/"},"sameAs":["https:\/\/www.facebook.com\/Mathez-Freight-278819705819525\/","https:\/\/x.com\/MathezFreight","https:\/\/www.linkedin.com\/company\/mathez-freight-forwarding","https:\/\/www.youtube.com\/channel\/UCn27me75AYWVse3M2um9xJg"]}]}},"_links":{"self":[{"href":"https:\/\/www.eclips.aero\/fr\/wp-json\/wp\/v2\/pages\/3884","targetHints":{"allow":["GET"]}}],"collection":[{"href":"https:\/\/www.eclips.aero\/fr\/wp-json\/wp\/v2\/pages"}],"about":[{"href":"https:\/\/www.eclips.aero\/fr\/wp-json\/wp\/v2\/types\/page"}],"author":[{"embeddable":true,"href":"https:\/\/www.eclips.aero\/fr\/wp-json\/wp\/v2\/users\/1"}],"replies":[{"embeddable":true,"href":"https:\/\/www.eclips.aero\/fr\/wp-json\/wp\/v2\/comments?post=3884"}],"version-history":[{"count":5,"href":"https:\/\/www.eclips.aero\/fr\/wp-json\/wp\/v2\/pages\/3884\/revisions"}],"predecessor-version":[{"id":4788,"href":"https:\/\/www.eclips.aero\/fr\/wp-json\/wp\/v2\/pages\/3884\/revisions\/4788"}],"up":[{"embeddable":true,"href":"https:\/\/www.eclips.aero\/fr\/wp-json\/wp\/v2\/pages\/4171"}],"wp:attachment":[{"href":"https:\/\/www.eclips.aero\/fr\/wp-json\/wp\/v2\/media?parent=3884"}],"curies":[{"name":"wp","href":"https:\/\/api.w.org\/{rel}","templated":true}]}}